{"id":82,"date":"2024-02-05T00:42:27","date_gmt":"2024-02-05T00:42:27","guid":{"rendered":"https:\/\/www.everybookitsreader.org\/?page_id=82"},"modified":"2024-04-23T23:58:09","modified_gmt":"2024-04-23T23:58:09","slug":"resources","status":"publish","type":"page","link":"https:\/\/www.everybookitsreader.org\/pt\/resources\/","title":{"rendered":"Recursos"},"content":{"rendered":"<div class=\"tmpl-schedule-4 boldgrid-section dynamic-gridblock background-parallax\" style=\"color: #1d1d1d; background-color: #e9e7c4;\">\n<div class=\"container-fluid\">\n<div class=\"row\" style=\"margin-top: 10px; background-size: auto; background-repeat: repeat; padding-bottom: 0px; padding-top: 1px; background-color: #f0bc00;\">\n<div class=\"col-md-5 col-sm-6 col-xs-12 col-lg-12 align-column-center\" style=\"padding: 1em; background-color: #f0bc00;\">\n<h4 class=\"\" style=\"text-align: center;\"><strong>&nbsp;Esta p\u00e1gina inclui recursos sobre edi\u00e7\u00e3o de conte\u00fados relacionados a livros e materiais de apoio para a organiza\u00e7\u00e3o de eventos.<\/strong><\/h4>\n<\/div>\n<\/div>\n<div class=\"row\" style=\"margin-top: 10px; padding-bottom: 0px; padding-top: 0px; background-color: #f9f9f0;\">\n<div class=\"col-md-5 col-sm-6 col-xs-12 align-column-center col-lg-8\" style=\"padding: 1em; background-color: #f9f9f0;\">\n<h5 class=\"h3\" style=\"font-family: Montserrat; font-weight: 400;\" data-font-family=\"Montserrat\" data-font-weight=\"400\"><span style=\"color: #000000;\"><strong>Logotipos e outros materiais gr\u00e1ficos<\/strong><\/span><\/h5>\n<p class=\"\" style=\"font-family: Montserrat; font-weight: 400;\" data-font-family=\"Montserrat\" data-font-weight=\"400\" data-font-style=\"\"><span style=\"color: #000000;\">Dispon\u00edvel no <a href=\"https:\/\/commons.wikimedia.org\/wiki\/Category:EveryBookItsReader_logos\">Wikimedia Commons sob a categoria Logotipos EveryBookItsReader<\/a> . <\/span><\/p>\n<p class=\"\" style=\"font-family: Montserrat; font-weight: 400;\" data-font-family=\"Montserrat\" data-font-weight=\"400\" data-font-style=\"\"><span style=\"color: #000000;\">No primeiro ano da campanha lan\u00e7amos uma vers\u00e3o do logotipo que foi substitu\u00edda pela vers\u00e3o de 2024. Recomendamos que utilize a \u00faltima vers\u00e3o.<\/span><\/p>\n<p class=\"\" style=\"font-family: Montserrat; font-weight: 400;\" data-font-family=\"Montserrat\" data-font-weight=\"400\" data-font-style=\"\"><span style=\"color: #000000;\">Se voc\u00ea precisar de um logotipo em outro idioma, entre em contato conosco por e-mail (wikimediaeverybook@gmail.com) e faremos o poss\u00edvel para cri\u00e1-lo para voc\u00ea.<\/span><\/p>\n<\/div>\n<div class=\"col-md-3 col-sm-12 col-xs-12 align-column-center col-lg-3\" style=\"padding: 1em;\">\n<p class=\"mod-reset\"><img loading=\"lazy\" decoding=\"async\" class=\"aligncenter size-medium wp-image-309\" src=\"https:\/\/www.everybookitsreader.org\/wp-content\/uploads\/2025\/02\/Versao_quadrado_cor_POR_png_2024-1.png\" alt=\"\" width=\"193\" height=\"300\" srcset=\"https:\/\/www.everybookitsreader.org\/wp-content\/uploads\/2025\/02\/Versao_quadrado_cor_POR_png_2024-1.png 752w, https:\/\/www.everybookitsreader.org\/wp-content\/uploads\/2025\/02\/Versao_quadrado_cor_POR_png_2024-1-181x300.png 181w, https:\/\/www.everybookitsreader.org\/wp-content\/uploads\/2025\/02\/Versao_quadrado_cor_POR_png_2024-1-619x1024.png 619w, https:\/\/www.everybookitsreader.org\/wp-content\/uploads\/2025\/02\/Versao_quadrado_cor_POR_png_2024-1-7x12.png 7w, https:\/\/www.everybookitsreader.org\/wp-content\/uploads\/2025\/02\/Versao_quadrado_cor_POR_png_2024-1-250x414.png 250w, https:\/\/www.everybookitsreader.org\/wp-content\/uploads\/2025\/02\/Versao_quadrado_cor_POR_png_2024-1-550x911.png 550w, https:\/\/www.everybookitsreader.org\/wp-content\/uploads\/2025\/02\/Versao_quadrado_cor_POR_png_2024-1-109x180.png 109w, https:\/\/www.everybookitsreader.org\/wp-content\/uploads\/2025\/02\/Versao_quadrado_cor_POR_png_2024-1-302x500.png 302w\" sizes=\"auto, (max-width: 193px) 100vw, 193px\" \/><\/p>\n<\/div>\n<\/div>\n<div class=\"row\" style=\"margin-top: 10px; padding-top: 0px;\">\n<div class=\"col-md-5 col-sm-6 col-xs-12 align-column-center col-lg-12\" style=\"padding: 1em; background-color: #f9f9f0;\">\n<h5 class=\"\" style=\"font-family: Montserrat; font-weight: 400; font-size: 24px; line-height: 30px; letter-spacing: 0px;\" data-font-family=\"Montserrat\" data-font-weight=\"400\"><span id=\"Helpful_information\" class=\"mw-headline\" style=\"color: #000000;\" data-mw-thread-id=\"h-Helpful_information-Resources\"><strong>Informa\u00e7\u00f5es sobre edi\u00e7\u00e3o e cria\u00e7\u00e3o de artigos sobre obras liter\u00e1rias na Wikip\u00e9dia.<\/strong><\/span><\/h5>\n<p class=\"\" style=\"font-family: Montserrat; font-weight: 400;\" data-font-family=\"Montserrat\" data-font-weight=\"400\" data-font-style=\"\"><span style=\"color: #000000;\"><a class=\"external text\" style=\"color: #000000;\" href=\"https:\/\/en.wikipedia.org\/wiki\/Wikipedia:Naming_conventions_(books)\"><span style=\"color: #000000\"><a class=\"external text\" style=\"color: #000000\" href=\"https:\/\/pt.wikipedia.org\/wiki\/Wikip\u00e9dia:Conven\u00e7\u00e3o_de_nomenclatura#\" target=\"_self\">Conven\u00e7\u00f5es de nomenclatura para livros e outras obras<\/a><\/span><\/a><\/span><\/p>\n<p class=\"translation-block\" style=\"font-family: Montserrat; font-weight: 400;\" data-font-family=\"Montserrat\" data-font-weight=\"400\" data-font-style=\"\"><span style=\"color: #000000\">\u00a0<a class=\"external text\" style=\"color: #000000\" href=\"https:\/\/pt.wikipedia.org\/wiki\/Predefini\u00e7\u00e3o:Info\/Livro\" target=\"_self\">Predefini\u00e7\u00e3o para Infocaixa de livros<\/a><\/span><\/p>\n<p class=\"translation-block\" style=\"font-family: Montserrat; font-weight: 400;\" data-font-family=\"Montserrat\" data-font-weight=\"400\" data-font-style=\"\"><span style=\"color: #000000\"><a class=\"external text\" style=\"color: #000000\" href=\"https:\/\/pt.wikipedia.org\/wiki\/Predefini\u00e7\u00e3o:Info\/Livro\/Wikidata\" target=\"_self\">Predefini\u00e7\u00e3o para Infocaixa de livros, utilizando a Wikidata<\/a><\/span><\/p>\n<p class=\"translation-block\" style=\"font-family: Montserrat; font-weight: 400;\" data-font-family=\"Montserrat\" data-font-weight=\"400\" data-font-style=\"\"><span style=\"color: #000000\"><a class=\"external text\" style=\"color: #000000\" href=\"https:\/\/www.youtube.com\/watch?v=hEYLDzS9Rq8&amp;list=PLc9XT3eDsv5yTu8aL7jbQ7qvFEiPHNWAr\" target=\"_self\">Como adicionar a capa dos livros nos artigos da Wikip\u00e9dia<\/a><\/span><\/p>\n<p class=\"\" style=\"font-family: Montserrat; font-weight: 400;\" data-font-family=\"Montserrat\" data-font-weight=\"400\" data-font-style=\"\"><span style=\"color: #000000;\"><a class=\"external text\" style=\"color: #000000;\" href=\"https:\/\/en.wikipedia.org\/wiki\/Template:Non-free_book_cover\">Adding an image of a book cover to a Wikipedia article<\/a><\/span><\/p>\n<p class=\"translation-block\" style=\"font-family: Montserrat; font-weight: 400;\" data-font-family=\"Montserrat\" data-font-weight=\"400\" data-font-style=\"\"><span style=\"color: #000000\"><a style=\"color: #000000\" href=\"https:\/\/guides.library.oregonstate.edu\/wikipediabook\" target=\"_self\">Guia  para criar e editar artigos da Wikip\u00e9dia sobre livros (em ingl\u00eas).<\/a><\/span><\/p>\n<p class=\"translation-block\" style=\"font-family: Montserrat; font-weight: 400;\" data-font-family=\"Montserrat\" data-font-weight=\"400\" data-font-style=\"\"><span style=\"color: #000000\">Playlist da campanha #CadaLivroSeuP\u00fablico (#EveryBookItsReader) no youtube. Inclui <a style=\"color: #000000\" href=\"https:\/\/www.youtube.com\/@EveryBookItsReader\/playlists\" target=\"_self\">apresenta\u00e7\u00f5es e tutoriais<\/a>\u00a0<\/span><\/p>\n<p class=\"translation-block\" style=\"font-family: Montserrat; font-weight: 400;\" data-font-family=\"Montserrat\" data-font-weight=\"400\" data-font-style=\"\"><span style=\"color: #000000\"><a style=\"color: #000000\" href=\"https:\/\/commons.wikimedia.org\/wiki\/File:Editing_Wikipedia_articles_on_books_(Wiki_Ed).pdf\" target=\"_self\">Edite artigos sobre livros na Wikip\u00e9dia (tutorial no formato PDF, em ingl\u00eas)<\/a><\/span><\/p>\n<\/div>\n<\/div>\n<\/div>\n<\/div>","protected":false},"excerpt":{"rendered":"<p>&nbsp;This page includes resources for editing book-related content along with materials to support organizing events. Logos and graphic assets Available on Wikimedia Commons under the category EveryBookItsReader logos . A new visual identity was developed for the campaign in 2024. We recommend that you use the 2024 version. If you need a logo in another [&hellip;]<\/p>","protected":false},"author":1,"featured_media":0,"parent":0,"menu_order":0,"comment_status":"closed","ping_status":"closed","template":"templates\/template-full-width.php","meta":{"bgseo_title":"","bgseo_description":"","bgseo_robots_index":"index","bgseo_robots_follow":"follow","footnotes":""},"class_list":["post-82","page","type-page","status-publish","hentry"],"aioseo_notices":[],"_links":{"self":[{"href":"https:\/\/www.everybookitsreader.org\/pt\/wp-json\/wp\/v2\/pages\/82","targetHints":{"allow":["GET"]}}],"collection":[{"href":"https:\/\/www.everybookitsreader.org\/pt\/wp-json\/wp\/v2\/pages"}],"about":[{"href":"https:\/\/www.everybookitsreader.org\/pt\/wp-json\/wp\/v2\/types\/page"}],"author":[{"embeddable":true,"href":"https:\/\/www.everybookitsreader.org\/pt\/wp-json\/wp\/v2\/users\/1"}],"replies":[{"embeddable":true,"href":"https:\/\/www.everybookitsreader.org\/pt\/wp-json\/wp\/v2\/comments?post=82"}],"version-history":[{"count":12,"href":"https:\/\/www.everybookitsreader.org\/pt\/wp-json\/wp\/v2\/pages\/82\/revisions"}],"predecessor-version":[{"id":456,"href":"https:\/\/www.everybookitsreader.org\/pt\/wp-json\/wp\/v2\/pages\/82\/revisions\/456"}],"wp:attachment":[{"href":"https:\/\/www.everybookitsreader.org\/pt\/wp-json\/wp\/v2\/media?parent=82"}],"curies":[{"name":"wp","href":"https:\/\/api.w.org\/{rel}","templated":true}]}}