{"id":81,"date":"2024-02-05T00:42:27","date_gmt":"2024-02-05T00:42:27","guid":{"rendered":"https:\/\/www.everybookitsreader.org\/?page_id=81"},"modified":"2024-04-16T19:07:36","modified_gmt":"2024-04-16T19:07:36","slug":"leadership-team","status":"publish","type":"page","link":"https:\/\/www.everybookitsreader.org\/pt\/leadership-team\/","title":{"rendered":"Equipe de Lideran\u00e7a"},"content":{"rendered":"<div class=\"tmpl-text-16 boldgrid-section dynamic-gridblock\" style=\"background-color: #f9f9f0;\">\n<div class=\"container\">\n<div class=\"row\" style=\"padding-top: 42px; padding-bottom: 42px;\">\n<div class=\"col-md-6 col-sm-6 col-xs-12 col-lg-11\">\n<p class=\"\" style=\"font-family: Montserrat; font-weight: 400; text-align: center;\" data-font-family=\"Montserrat\" data-font-weight=\"400\" data-font-style=\"\"><span style=\"font-weight: 400;\">A campanha #CadaLivroSeuP\u00fablico \u00e9 baseada na ideia de que os organizadores de atividades regionais t\u00eam autonomia para desenvolver suas a\u00e7\u00f5es dentro do escopo da campanha. O prop\u00f3sito da Equipe de Lideran\u00e7a \u00e9 trabalhar para construir uma cultura comum em torno dos objetivos da campanha e criar condi\u00e7\u00f5es para seu desenvolvimento e fortalecimento.<\/span><\/p>\n<\/div>\n<\/div>\n<\/div>\n<\/div>\n<div class=\"tmpl-team-4 boldgrid-section dynamic-gridblock\" style=\"background-color: #f9f9f0;\">\n<div class=\"container\">\n<div class=\"row\" style=\"padding-top: 51px; padding-bottom: 50px;\">\n<div class=\"col-md-6 col-sm-6 col-xs-12 col-lg-4\">\n<div style=\"padding: 10px 10px;\" class=\"bg-box\">\n<p class=\"\" style=\"text-align: center;\"><img loading=\"lazy\" decoding=\"async\" class=\"bg-img bg-img-circle alignnone wp-image-234\" style=\"margin: 20px 0;\" src=\"https:\/\/www.everybookitsreader.org\/wp-content\/uploads\/2024\/02\/EBIR_QUHA.png\" alt=\"\" width=\"168\" height=\"168\" srcset=\"https:\/\/www.everybookitsreader.org\/wp-content\/uploads\/2024\/02\/EBIR_QUHA.png 153w, https:\/\/www.everybookitsreader.org\/wp-content\/uploads\/2024\/02\/EBIR_QUHA-150x150.png 150w, https:\/\/www.everybookitsreader.org\/wp-content\/uploads\/2024\/02\/EBIR_QUHA-48x48.png 48w\" sizes=\"auto, (max-width: 168px) 100vw, 168px\" \/><\/p>\n<h4 class=\"color1-color\" style=\"text-align: center; text-transform: uppercase; font-family: Montserrat; font-weight: 400;\" data-font-family=\"Montserrat\" data-font-weight=\"400\" data-font-style=\"\"><span style=\"color: #800000;\"><strong>Alejandra Quiroz Hern\u00e1ndez<\/strong><\/span><\/h4>\n<p class=\"\" style=\"text-align: center; margin: 20px 0px; font-size: 16px; font-family: Montserrat; font-weight: 400;\" data-font-family=\"Montserrat\" data-font-weight=\"400\" data-font-style=\"\"><strong>M\u00e9xico<\/strong><\/p>\n<p class=\"\" style=\"text-align: center; margin: 20px 0px; font-size: 16px; font-family: Montserrat; font-weight: 400;\" data-font-family=\"Montserrat\" data-font-weight=\"400\" data-font-style=\"\">Bibliotec\u00e1ria e Editora de Livros Ilustrados. Wikimedista desde 2022.&nbsp;<\/p>\n<p class=\"\" data-font-family=\"Montserrat\" data-font-weight=\"400\" data-font-style=\"\">&nbsp;<\/p>\n<p class=\"bg-social-icons inherit\" style=\"text-align: center; font-size: 16px; font-family: Montserrat; font-weight: 400;\" data-font-family=\"Montserrat\" data-font-weight=\"400\" data-font-style=\"\"><strong>Minha recomenda\u00e7\u00e3o de livro:  Primero sue\u00f1o, de Sor Juana In\u00e9s de la Cruz (escritora mexicana do per\u00edodo colonial)<\/strong><\/p>\n<p class=\"bg-social-icons inherit translation-block\" style=\"text-align: center; font-size: 16px; font-family: Montserrat; font-weight: 400;\" data-font-family=\"Montserrat\" data-font-weight=\"400\" data-font-style=\"\">Editora Wikimedia: <a class=\"\" style=\"font-size: 16px;font-family: Montserrat;font-weight: 400\" href=\"https:\/\/meta.wikimedia.org\/wiki\/User:Alequihdez\" data-font-family=\"Montserrat\" data-font-weight=\"400\" data-font-style=\"\" target=\"_self\">Alequihdez<\/a><\/p>\n<\/div>\n<\/div>\n<div class=\"col-md-6 col-sm-6 col-xs-12 col-lg-4\">\n<div style=\"padding: 10px 10px;\" class=\"bg-box\">\n<p class=\"\" style=\"text-align: center;\"><img loading=\"lazy\" decoding=\"async\" class=\"bg-img bg-img-circle alignnone wp-image-199\" style=\"margin: 20px 0;\" src=\"https:\/\/www.everybookitsreader.org\/wp-content\/uploads\/2024\/02\/0_0_125_125_Laurie_Bridges-245x300.jpg\" alt=\"\" width=\"166\" height=\"166\" srcset=\"https:\/\/www.everybookitsreader.org\/wp-content\/uploads\/2024\/02\/0_0_125_125_Laurie_Bridges-245x300.jpg 125w, https:\/\/www.everybookitsreader.org\/wp-content\/uploads\/2024\/02\/Laurie_Bridges-150x150.jpg 150w, https:\/\/www.everybookitsreader.org\/wp-content\/uploads\/2024\/02\/Laurie_Bridges-48x48.jpg 48w, https:\/\/www.everybookitsreader.org\/wp-content\/uploads\/2024\/02\/Laurie_Bridges-300x300.jpg 300w\" sizes=\"auto, (max-width: 166px) 100vw, 166px\" \/><\/p>\n<h4 class=\"color1-color\" style=\"text-align: center; text-transform: uppercase; font-family: Montserrat; font-weight: 400;\" data-font-family=\"Montserrat\" data-font-weight=\"400\" data-font-style=\"\"><span style=\"color: #800000;\"><strong>LAURIE BRIDGES<\/strong><\/span><\/h4>\n<p class=\"h5\" style=\"text-align: center; text-transform: uppercase; font-family: Montserrat; font-weight: 400; font-size: 16px;\" data-font-family=\"Montserrat\" data-font-weight=\"400\" data-font-style=\"\"><strong>Estados Unidos<\/strong><\/p>\n<p class=\"\" style=\"text-align: center; margin: 20px 0px; font-size: 16px; font-family: Montserrat; font-weight: 400;\" data-font-family=\"Montserrat\" data-font-weight=\"400\" data-font-style=\"\">Bibliotec\u00e1ria na Oregon State University. Wikimedista desde 2018. Coordenou a primeira Conven\u00e7\u00e3o Wikimedia e Bibliotecas em Maynooth, Irlanda, em 2022.<\/p>\n<p class=\"\" data-font-family=\"Montserrat\" data-font-weight=\"400\" data-font-style=\"\">&nbsp;<\/p>\n<p class=\"bg-social-icons inherit\" style=\"text-align: center; font-size: 16px; font-family: Montserrat; font-weight: 400;\" data-font-family=\"Montserrat\" data-font-weight=\"400\" data-font-style=\"\"><strong>Minha recomenda\u00e7\u00e3o de livro: A par\u00e1bola do Semeador, de Octavia Butler (escritora estadunidense).<\/strong><\/p>\n<p class=\"bg-social-icons inherit translation-block\" style=\"text-align: center; font-size: 16px; font-family: Montserrat; font-weight: 400;\" data-font-family=\"Montserrat\" data-font-weight=\"400\" data-font-style=\"\">Editora Wikimedia: <a class=\"\" style=\"font-size: 16px;font-family: Montserrat;font-weight: 400\" href=\"https:\/\/meta.wikimedia.org\/wiki\/User:Bridges2Information\" data-font-family=\"Montserrat\" data-font-weight=\"400\" data-font-style=\"\" target=\"_self\">Bridges2Information<\/a><\/p>\n<\/div>\n<\/div>\n<div class=\"col-md-6 col-sm-3 col-xs-12 col-lg-4\">\n<div style=\"padding: 10px 10px;\" class=\"bg-box\">\n<p class=\"\" style=\"text-align: center;\"><img loading=\"lazy\" decoding=\"async\" class=\"bg-img bg-img-circle alignnone wp-image-201\" style=\"margin: 20px 0;\" src=\"https:\/\/www.everybookitsreader.org\/wp-content\/uploads\/2024\/02\/0_0_125_125_Foto-perfil-2021-200x300.jpg\" alt=\"\" width=\"169\" height=\"169\"><\/p>\n<h4 class=\"color1-color\" style=\"text-align: center; text-transform: uppercase; font-family: Montserrat; font-weight: 400;\" data-font-family=\"Montserrat\" data-font-weight=\"400\" data-font-style=\"\"><span style=\"color: #800000;\"><strong>LILIAN VIANA<\/strong><\/span><\/h4>\n<p class=\"\" style=\"text-align: center; margin: 20px 0px; font-size: 0.9em; font-family: Montserrat; font-weight: 400;\" data-font-family=\"Montserrat\" data-font-weight=\"400\" data-font-style=\"\"><strong>Brasil<\/strong><\/p>\n<p class=\"\" style=\"text-align: center; margin: 20px 0px; font-size: 16px; font-family: Montserrat; font-weight: 400;\" data-font-family=\"Montserrat\" data-font-weight=\"400\" data-font-style=\"\">Bibliotec\u00e1ria atuante na Universidade de S\u00e3o Paulo, wikimedista e doutora em Ci\u00eancia da Informa\u00e7\u00e3o. Contribui principalmente para a Wikip\u00e9dia em portugu\u00eas e o Wikidata.<\/p>\n<p class=\"h5\" style=\"text-align: center; text-transform: uppercase;\">&nbsp;<\/p>\n<p class=\"\">&nbsp;<\/p>\n<p class=\"bg-social-icons inherit\" style=\"text-align: center; font-size: 16px; font-family: Montserrat; font-weight: 400;\" data-font-family=\"Montserrat\" data-font-weight=\"400\" data-font-style=\"\"><strong>Minha recomenda\u00e7\u00e3o de livro: Crime do cais do Valongo by Eliana Alves Cruz (escritora brasileira).<\/strong><\/p>\n<p class=\"bg-social-icons inherit translation-block\" style=\"text-align: center; font-size: 16px; font-family: Montserrat; font-weight: 400;\" data-font-family=\"Montserrat\" data-font-weight=\"400\" data-font-style=\"\">Editora Wikimedia: <a href=\"https:\/\/meta.wikimedia.org\/wiki\/User:Lilian_Viana\" target=\"_self\">Lilian Viana<\/a><\/p>\n<\/div>\n<\/div>\n<\/div>\n<\/div>\n<\/div>\n<div class=\"tmpl-team-4 boldgrid-section dynamic-gridblock\" style=\"background-color: #f9f9f0;\">\n<div class=\"container\">\n<div class=\"row\" style=\"padding-top: 47px; padding-bottom: 50px;\">\n<div class=\"col-lg-1 col-md-12 col-sm-12 col-xs-12\"><\/div>\n<div class=\"col-md-6 col-sm-6 col-xs-12 col-lg-5\">\n<div style=\"padding: 10px 10px;\" class=\"bg-box\">\n<p class=\"\" style=\"text-align: center;\"><img loading=\"lazy\" decoding=\"async\" class=\"bg-img bg-img-circle alignnone wp-image-235\" style=\"margin: 20px 0;\" src=\"https:\/\/www.everybookitsreader.org\/wp-content\/uploads\/2024\/02\/EBIR_MATEM.png\" alt=\"\" width=\"167\" height=\"167\" srcset=\"https:\/\/www.everybookitsreader.org\/wp-content\/uploads\/2024\/02\/EBIR_MATEM.png 153w, https:\/\/www.everybookitsreader.org\/wp-content\/uploads\/2024\/02\/EBIR_MATEM-150x150.png 150w, https:\/\/www.everybookitsreader.org\/wp-content\/uploads\/2024\/02\/EBIR_MATEM-48x48.png 48w\" sizes=\"auto, (max-width: 167px) 100vw, 167px\" \/><\/p>\n<h4 class=\"color1-color\" style=\"text-align: center; text-transform: uppercase; font-family: Montserrat; font-weight: 400;\" data-font-family=\"Montserrat\" data-font-weight=\"400\" data-font-style=\"\"><strong><span style=\"color: #800000;\">Martin TENA Espinoza de los Monteros<\/span><\/strong><\/h4>\n<p class=\"\" style=\"text-align: center; margin: 20px 0px; font-size: 16px; font-family: Montserrat; font-weight: 400;\" data-font-family=\"Montserrat\" data-font-weight=\"400\" data-font-style=\"\"><strong>M\u00e9xico<\/strong><\/p>\n<p class=\"\" style=\"text-align: center; margin: 20px 0px; font-size: 16px; font-family: Montserrat; font-weight: 400;\" data-font-family=\"Montserrat\" data-font-weight=\"400\" data-font-style=\"\">Doutor em Educa\u00e7\u00e3o na Sociedade do Conhecimento pela Universidade de Salamanca (Espanha). Professor na Universidade de Guadalajara e bibliotec\u00e1rio no Sistema de Bibliotecas Universit\u00e1rias. Participante em projetos relacionados \u00e0 ci\u00eancia aberta, acesso aberto e Wikimedia, al\u00e9m de promover a educa\u00e7\u00e3o aberta e a inova\u00e7\u00e3o c\u00edvica. Membro do Grupo de Trabalho CLACSO sobre Ci\u00eancia Aberta como bem comum.<\/p>\n<p class=\"\">&nbsp;<\/p>\n<p class=\"bg-social-icons inherit\" style=\"text-align: center; font-size: 16px; font-family: Montserrat; font-weight: 400;\" data-font-family=\"Montserrat\" data-font-weight=\"400\" data-font-style=\"\"><strong>Minha recomenda\u00e7\u00e3o de livro: Elogio del caminar, de David Le Breton (antropologista franc\u00eas)<\/strong><\/p>\n<p class=\"\">&nbsp;<\/p>\n<p class=\"bg-social-icons inherit translation-block\" style=\"text-align: center; font-size: 18px; font-family: Montserrat; font-weight: 400;\" data-font-family=\"Montserrat\" data-font-weight=\"400\" data-font-style=\"\">Editor Wikimedia: <a class=\"\" style=\"font-family: Montserrat;font-weight: 400;font-size: 16px\" href=\"https:\/\/meta.wikimedia.org\/wiki\/User:Mtenaespinoza\" data-font-family=\"Montserrat\" data-font-weight=\"400\" data-font-style=\"\" target=\"_self\">Mtenaespinoza<\/a><\/p>\n<\/div>\n<\/div>\n<div class=\"col-md-6 col-sm-3 col-xs-12 col-lg-5\">\n<div style=\"padding: 10px 10px;\" class=\"bg-box\">\n<p class=\"\" style=\"text-align: center;\"><img loading=\"lazy\" decoding=\"async\" class=\"bg-img bg-img-circle alignnone wp-image-336\" style=\"margin: 20px 0;\" src=\"https:\/\/www.everybookitsreader.org\/wp-content\/uploads\/2024\/03\/20230203_102232-scaled-e1709819900585-150x150.jpg\" alt=\"\" width=\"163\" height=\"163\"><\/p>\n<h4 class=\"color1-color\" style=\"text-align: center; text-transform: uppercase; font-family: Montserrat; font-weight: 400;\" data-font-family=\"Montserrat\" data-font-weight=\"400\" data-font-style=\"\"><span style=\"color: #800000;\"><strong>STELA MADRUGA<\/strong><\/span><\/h4>\n<p class=\"\" style=\"text-align: center; margin: 20px 0px; font-size: 16px; font-family: Montserrat; font-weight: 400;\" data-font-family=\"Montserrat\" data-font-weight=\"400\" data-font-style=\"\"><strong>Brasil<\/strong><\/p>\n<p class=\"\" style=\"text-align: center; margin: 20px 0px; font-size: 16px; font-family: Montserrat; font-weight: 400;\" data-font-family=\"Montserrat\" data-font-weight=\"400\" data-font-style=\"\">Bibliotec\u00e1ria na Universidade de S\u00e3o Paulo (USP), Chefe da Biblioteca do IME-USP. Wikimedista desde 2019 e mestre em Ci\u00eancia da Informa\u00e7\u00e3o. Contribui principalmente para a Wikip\u00e9dia em portugu\u00eas e o Wikidata.<\/p>\n<p class=\"h5\" style=\"text-align: center; text-transform: uppercase;\">&nbsp;<\/p>\n<p class=\"bg-social-icons inherit\" style=\"text-align: center; font-size: 16px; font-family: Montserrat; font-weight: 400;\" data-font-family=\"Montserrat\" data-font-weight=\"400\" data-font-style=\"\"><strong>Minha recomenda\u00e7\u00e3o de livro Quarto de despejo de Carolina Maria de Jesus (escritora brasileira)<\/strong><\/p>\n<p class=\"\">&nbsp;<\/p>\n<p class=\"bg-social-icons inherit translation-block\" style=\"text-align: center; font-size: 16px; font-family: Montserrat; font-weight: 400;\" data-font-family=\"Montserrat\" data-font-weight=\"400\" data-font-style=\"\">Editora Wikimedia: <a href=\"https:\/\/meta.wikimedia.org\/wiki\/User:Ssstela\" target=\"_self\">Ssstela<\/a><\/p>\n<\/div>\n<\/div>\n<div class=\"col-lg-1 col-md-12 col-sm-12 col-xs-12\"><\/div>\n<\/div>\n<\/div>\n<\/div>\n<div class=\"boldgrid-section\">\n<div class=\"container\">\n<div class=\"row\">\n<div class=\"col-lg-12 col-md-12 col-xs-12 col-sm-12\">\n<p style=\"text-align: center;\">&nbsp;<\/p>\n<\/div>\n<\/div>\n<\/div>\n<\/div>","protected":false},"excerpt":{"rendered":"<p>#EveryBookItsReader campaign is based on the idea that organizers of regional activities have the autonomy to develop their actions within the scope of the campaign. The purpose of the Leadership team is to work towards building a common culture around the campaign&#8217;s goals and creating conditions for its development and strengthening. Alejandra Quiroz Hern\u00e1ndez Mexico [&hellip;]<\/p>","protected":false},"author":1,"featured_media":0,"parent":0,"menu_order":0,"comment_status":"closed","ping_status":"closed","template":"templates\/template-full-width.php","meta":{"bgseo_title":"","bgseo_description":"","bgseo_robots_index":"index","bgseo_robots_follow":"follow","footnotes":""},"class_list":["post-81","page","type-page","status-publish","hentry"],"aioseo_notices":[],"_links":{"self":[{"href":"https:\/\/www.everybookitsreader.org\/pt\/wp-json\/wp\/v2\/pages\/81","targetHints":{"allow":["GET"]}}],"collection":[{"href":"https:\/\/www.everybookitsreader.org\/pt\/wp-json\/wp\/v2\/pages"}],"about":[{"href":"https:\/\/www.everybookitsreader.org\/pt\/wp-json\/wp\/v2\/types\/page"}],"author":[{"embeddable":true,"href":"https:\/\/www.everybookitsreader.org\/pt\/wp-json\/wp\/v2\/users\/1"}],"replies":[{"embeddable":true,"href":"https:\/\/www.everybookitsreader.org\/pt\/wp-json\/wp\/v2\/comments?post=81"}],"version-history":[{"count":11,"href":"https:\/\/www.everybookitsreader.org\/pt\/wp-json\/wp\/v2\/pages\/81\/revisions"}],"predecessor-version":[{"id":449,"href":"https:\/\/www.everybookitsreader.org\/pt\/wp-json\/wp\/v2\/pages\/81\/revisions\/449"}],"wp:attachment":[{"href":"https:\/\/www.everybookitsreader.org\/pt\/wp-json\/wp\/v2\/media?parent=81"}],"curies":[{"name":"wp","href":"https:\/\/api.w.org\/{rel}","templated":true}]}}