{"id":140,"date":"2024-02-05T22:59:37","date_gmt":"2024-02-05T22:59:37","guid":{"rendered":"https:\/\/www.everybookitsreader.org\/?page_id=140"},"modified":"2025-04-09T18:06:43","modified_gmt":"2025-04-09T18:06:43","slug":"faq","status":"publish","type":"page","link":"https:\/\/www.everybookitsreader.org\/pt\/faq\/","title":{"rendered":"Perguntas Frequentes (FAQ)"},"content":{"rendered":"<div class=\"tmpl-text-19 boldgrid-section dynamic-gridblock\" style=\"background-color: #f9f9f0;\">\n<div class=\"container-fluid\">\n<div class=\"row\" style=\"padding-top: 0px; padding-bottom: 50px; background-color: #f9f9f0;\">\n<div class=\"col-lg-1 col-md-12 col-sm-12 col-xs-12\"><\/div>\n<div class=\"col-md-6 col-sm-7 col-xs-12 col-lg-10\" style=\"padding-right: 15px; background-color: #f9f9f0;\">\n<h5 class=\"\" style=\"margin-bottom: 10px; font-family: Montserrat; font-weight: 400; font-size: 24px; line-height: 30px; letter-spacing: 0px;\" data-font-family=\"Montserrat\" data-font-weight=\"400\"><strong><span style=\"color: #000000;\">Como posso participar?<\/span><\/strong><\/h5>\n<p class=\"\" style=\"font-family: Montserrat; font-weight: 400;\" data-font-family=\"Montserrat\" data-font-weight=\"400\" data-font-style=\"\"><span style=\"color: #000000;\">Qualquer pessoa pode participar, em qualquer lugar do mundo. Durante o m\u00eas de abril, salve quaisquer edi\u00e7\u00f5es que voc\u00ea fizer nos projetos Wikimedia com a hashtag #CadaLivroSeuP\u00fablico, e suas e edi\u00e7\u00f5es ser\u00e3o rastreadas em [https:\/\/hashtags.wmcloud.org\/]. <a style=\"color: #000000;\" href=\"https:\/\/hashtags.wmcloud.org\/\">Wikimedia Hashtags dashboard<\/a>.&nbsp;<\/span><\/p>\n<p class=\"translation-block\" style=\"font-family: Montserrat; font-weight: 400; font-size: 21px;\" data-font-family=\"Montserrat\" data-font-weight=\"400\" data-font-style=\"\"><span style=\"color: #000000\">Al\u00e9m disso, voc\u00ea pode encontrar eventos locais, regionais ou nacionais em <a style=\"color: #000000\" href=\"https:\/\/outreachdashboard.wmflabs.org\/campaigns\/everybookitsreader_april_2025\/overview\" target=\"_self\">Painel da Campanha 2025<\/a>.<\/span><\/p>\n<p class=\"translation-block\" style=\"font-family: Montserrat; font-weight: 400; font-size: 21px;\" data-font-family=\"Montserrat\" data-font-weight=\"400\" data-font-style=\"\"><span style=\"color: #000000\">Se voc\u00ea n\u00e3o tem certeza sobre como come\u00e7ar a editar, consulte este Guia da Biblioteca da Oregon State University (em ingl\u00eas) <a href=\"https:\/\/guides.library.oregonstate.edu\/wikipediabook\" target=\"_self\"> Criar e editar artigos sobre livros na Wikip\u00e9dia.<\/a><\/span><\/p>\n<h5 class=\"\" style=\"margin-bottom: 10px; font-family: Montserrat; font-weight: 400; font-size: 24px; line-height: 29px; letter-spacing: 0px;\" data-font-family=\"Montserrat\" data-font-weight=\"400\"><span style=\"color: #000000;\"><strong>Como posso organizar um evento?<\/strong><\/span><\/h5>\n<p class=\"\" style=\"font-family: Montserrat; font-weight: 400;\" data-font-family=\"Montserrat\" data-font-weight=\"400\" data-font-style=\"\"><span style=\"color: #000000;\">Qualquer pessoa \u00e9 bem-vinda para organizar um evento em #CadaLivroSeuP\u00fablico. Geralmente, os eventos s\u00e3o realizados no m\u00eas de abril em locais como bibliotecas, escolas, universidades, livrarias ou online. Incentivamos voc\u00ea a adicionar seu evento ao <a style=\"color: #000000;\" href=\"https:\/\/outreachdashboard.wmflabs.org\/campaigns\/everybookitsreader_april_2025\/overview\">April 2025 campaign dashboard<\/a>Se voc\u00ea est\u00e1 procurando mais informa\u00e7\u00f5es sobre como organizar um evento, incentivamos voc\u00ea a usar os <a style=\"color: #000000;\" href=\"https:\/\/artandfeminism.org\/resources\/getting-started\/organize\/\">recursos<\/a>&nbsp; from <a style=\"color: #000000;\" href=\"https:\/\/artandfeminism.org\/\">Art+Feminism<\/a>.<\/span><\/p>\n<h5 class=\"\" style=\"margin-bottom: 10px; font-family: Montserrat; font-weight: 400; font-size: 22px; line-height: 30px; letter-spacing: 0px;\" data-font-family=\"Montserrat\" data-font-weight=\"400\"><span style=\"color: #000000;\"><strong>Como posso usar o logotipo?<\/strong><\/span><\/h5>\n<p class=\"\" style=\"font-family: Montserrat; font-weight: 400;\" data-font-family=\"Montserrat\" data-font-weight=\"400\" data-font-style=\"\"><span style=\"color: #000000;\">Qualquer pessoa pode usar o logotipo da campanha, que foi compartilhado sob uma licen\u00e7a Creative Commons Atribui\u00e7\u00e3o 2.0. O logotipo e os materiais complementares foram criados pela designer gr\u00e1fica brasileira Andreia Tiemi em v\u00e1rios idiomas e podem ser <a style=\"color: #000000;\" href=\"https:\/\/commons.wikimedia.org\/wiki\/Category:EveryBookItsReader\">baixados no Wikimedia Commons.<\/a>Se n\u00e3o houver um logotipo no idioma desejado, envie-nos um e-mail e faremos o poss\u00edvel para fornecer uma vers\u00e3o. <\/span><\/p>\n<p class=\"\" style=\"font-family: Montserrat; font-weight: 400;\" data-font-family=\"Montserrat\" data-font-weight=\"400\" data-font-style=\"\"><span style=\"color: #000000;\">No primeiro ano da campanha lan\u00e7amos uma vers\u00e3o do logotipo que foi substitu\u00edda pela vers\u00e3o de 2024. Recomendamos que utilize a \u00faltima vers\u00e3o.<\/span><\/p>\n<h5 class=\"\" style=\"margin-bottom: 10px; font-size: 24px; line-height: 30px; font-family: Montserrat; font-weight: 400; letter-spacing: 0px;\" data-font-family=\"Montserrat\" data-font-weight=\"400\"><span style=\"color: #000000;\"><strong>Como posso obter financiamento?<\/strong><\/span><\/h5>\n<p class=\"\" style=\"font-family: Montserrat; font-weight: 400;\" data-font-family=\"Montserrat\" data-font-weight=\"400\" data-font-style=\"\"><span style=\"color: #000000;\">Somos volunt\u00e1rios e n\u00e3o temos financiamento para distribuir neste momento. No entanto, voc\u00ea pode buscar financiamento atrav\u00e9s dos <a style=\"color: #000000;\" href=\"https:\/\/meta.wikimedia.org\/wiki\/Grants:Project\/Rapid\/pt-br\">Fundos R\u00e1pidos da Funda\u00e7\u00e3o Wikimedia<\/a>.&nbsp;<\/span><\/p>\n<h5 class=\"\" style=\"margin-bottom: 10px; font-size: 24px; line-height: 30px; font-family: Montserrat; font-weight: 400; letter-spacing: 0px;\" data-font-family=\"Montserrat\" data-font-weight=\"400\"><span style=\"color: #000000;\"><strong>Onde posso encontrar informa\u00e7\u00f5es sobre a campanha no Meta?<\/strong><\/span><\/h5>\n<p class=\"translation-block\" style=\"font-family: Montserrat; font-weight: 400;\" data-font-family=\"Montserrat\" data-font-weight=\"400\" data-font-style=\"\">Embora estejamos usando everybookitsreader.org como nosso site para centralizar as informa\u00e7\u00f5es sobre a campanha #CadaLivroSeuP\u00fablico, voc\u00ea tamb\u00e9m pode encontrar <a href=\"https:\/\/meta.wikimedia.org\/wiki\/Every_Book_Its_Reader\" target=\"_self\">informa\u00e7\u00f5es <\/a> na p\u00e1gina do Meta-Wiki.<\/span><\/p>\n<\/div>\n<div class=\"col-lg-1 col-md-12 col-sm-12 col-xs-12\"><\/div>\n<\/div>\n<\/div>\n<\/div>","protected":false},"excerpt":{"rendered":"<p>How can I participate? Anyone can participate anywhere in the world. During the month of April, save any edits you make to Wikimedia projects with the hashtag #EveryBookItsReader, and your additions and edits will be tracked on the Wikimedia Hashtags dashboard.&nbsp; In addition, you can find local, regional, or national events on the Outreach Dashboard. [&hellip;]<\/p>","protected":false},"author":1,"featured_media":0,"parent":0,"menu_order":0,"comment_status":"closed","ping_status":"closed","template":"templates\/template-full-width.php","meta":{"bgseo_title":"","bgseo_description":"","bgseo_robots_index":"index","bgseo_robots_follow":"follow","footnotes":""},"class_list":["post-140","page","type-page","status-publish","hentry"],"aioseo_notices":[],"_links":{"self":[{"href":"https:\/\/www.everybookitsreader.org\/pt\/wp-json\/wp\/v2\/pages\/140","targetHints":{"allow":["GET"]}}],"collection":[{"href":"https:\/\/www.everybookitsreader.org\/pt\/wp-json\/wp\/v2\/pages"}],"about":[{"href":"https:\/\/www.everybookitsreader.org\/pt\/wp-json\/wp\/v2\/types\/page"}],"author":[{"embeddable":true,"href":"https:\/\/www.everybookitsreader.org\/pt\/wp-json\/wp\/v2\/users\/1"}],"replies":[{"embeddable":true,"href":"https:\/\/www.everybookitsreader.org\/pt\/wp-json\/wp\/v2\/comments?post=140"}],"version-history":[{"count":12,"href":"https:\/\/www.everybookitsreader.org\/pt\/wp-json\/wp\/v2\/pages\/140\/revisions"}],"predecessor-version":[{"id":485,"href":"https:\/\/www.everybookitsreader.org\/pt\/wp-json\/wp\/v2\/pages\/140\/revisions\/485"}],"wp:attachment":[{"href":"https:\/\/www.everybookitsreader.org\/pt\/wp-json\/wp\/v2\/media?parent=140"}],"curies":[{"name":"wp","href":"https:\/\/api.w.org\/{rel}","templated":true}]}}